{"id":51685,"date":"2022-09-20T15:40:56","date_gmt":"2022-09-20T13:40:56","guid":{"rendered":"https:\/\/www.toerismezonnebeke.be\/office-du-tourisme-de-zonnebeke\/"},"modified":"2022-09-20T15:40:56","modified_gmt":"2022-09-20T13:40:56","slug":"office-du-tourisme-de-zonnebeke","status":"publish","type":"page","link":"https:\/\/www.toerismezonnebeke.be\/fr\/office-du-tourisme-de-zonnebeke\/","title":{"rendered":"Office du tourisme de Zonnebeke"},"content":{"rendered":"<h2>Contact<\/h2>\n<table>\n<tbody>\n<tr>\n<td><strong>Office du tourisme de Zonnebeke<\/strong><\/p>\n<p>Berten Pilstraat 5A<\/p>\n<p>B-8980 Zonnebeke<\/p>\n<p><strong>T<\/strong> 0032 (0) 51 77 04 41 ou par <a href=\"mailto:toerisme@zonnebeke.be\">toerisme@zonnebeke.be<\/a><\/td>\n<\/tr>\n<\/tbody>\n<\/table>\n<h2>Route<\/h2>\n<h3>Par les transports publics<\/h3>\n<p>Vous prenez le train jusqu&rsquo;\u00e0 Ypres, puis vous prenez le bus avec la ligne 94 (Ypres &#8211; Passendale &#8211; Roeselare). Descendez \u00e0 l&rsquo;arr\u00eat Zonnebeke &lsquo;Plaats&rsquo;. Cet arr\u00eat est situ\u00e9 au c\u0153ur de Zonnebeke. Le mus\u00e9e et l&rsquo;office du tourisme se trouvent dans <a href=\"https:\/\/www.toerismezonnebeke.be\/fr\/zien-en-doen\/domaine-du-chateau-de-zonnebeke\/\">le domaine du ch\u00e2teau<\/a>.<\/p>\n<h3>En transport priv\u00e9<\/h3>\n<p>Depuis Courtrai, prenez l&rsquo;A19 en direction d&rsquo;Ypres, o\u00f9 vous prenez la sortie 4 (Ypres &#8211; Heuvelland &#8211; Zillebeke). Au bout de cette sortie, tournez \u00e0 droite jusqu&rsquo;au prochain rond-point o\u00f9 vous prendrez la premi\u00e8re sortie en direction de Zonnebeke (Ieperstraat).<\/p>\n<p>Apr\u00e8s environ 200 m\u00e8tres dans la Ieperstraat, tournez \u00e0 droite dans la Berten Pilstraat, o\u00f9 vous pouvez vous garer dans l&rsquo;un des deux parkings d\u00e9sign\u00e9s.<\/p>\n<h3>Par v\u00e9lo<\/h3>\n<p>L&rsquo;Office du tourisme est facilement accessible \u00e0 v\u00e9lo depuis tous les municipalit\u00e9s. La <a href=\"https:\/\/www.toerismezonnebeke.be\/zien-en-doen\/de-stroroute\/\">Stroroute<\/a> ou Spoorlijn 64 (Chemin de fer 64) est un itin\u00e9raire cyclable vert entre Ypres et Roulers et vous m\u00e8nera jusqu&rsquo;\u00e0 300 m du centre.<\/p>\n<p>De l\u00e0, tournez \u00e0 la Langemarkstraat, pr\u00e8s du caf\u00e9 <a href=\"https:\/\/www.toerismezonnebeke.be\/fr\/eten-en-drinken\/spoorlijn-64\/\">Spoorlijn 64<\/a> et p\u00e9dalez vers <a href=\"https:\/\/www.toerismezonnebeke.be\/fr\/zien-en-doen\/onze-lieve-vrouwe-kerk-in-zonnebeke\/\">l&rsquo;\u00e9glise de Zonnebeke<\/a>. \u00c0 gauche de l&rsquo;\u00e9glise, vous entrez \u00e0 v\u00e9lo dans le <a href=\"https:\/\/www.toerismezonnebeke.be\/fr\/zien-en-doen\/domaine-du-chateau-de-zonnebeke\/\">parc du ch\u00e2teau<\/a>.<br \/>\nGarez votre v\u00e9lo dans le parc \u00e0 v\u00e9los situ\u00e9 \u00e0 c\u00f4t\u00e9 du b\u00e2timent du ch\u00e2teau. 2 Points de charge gratuits sont disponibles pour recharger votre v\u00e9lo \u00e9lectrique.<\/p>\n<h2>Parking pour voitures<\/h2>\n<p>Deux grands parkings sont disponibles dans la Berten Pilstraat, au num\u00e9ro 5 (parking 1) et au num\u00e9ro 18 (parking 2). <strong>Veuillez noter que le parking 1 est une zone bleue.<\/strong> (Vous pouvez vous garer ici pour un maximum de 3 heures, \u00e0 condition d&rsquo;utiliser le disque de stationnement).<\/p>\n<h2>Parking pour bus<\/h2>\n<p>Il existe \u00e9galement un parking pour les bus. <strong>Attention!<\/strong> Vous ne pouvez y stationner que pour une dur\u00e9e maximale de 30 minutes. Les bus peuvent y d\u00e9poser et reprendre leurs groupes. Entre les deux, les bus doivent se garer dans la Roeselarestraat (pr\u00e8s du num\u00e9ro de maison 29).<\/p>\n<p><iframe title=\"Toerisme Zonnebeke\" width=\"800\" height=\"450\" src=\"https:\/\/www.youtube.com\/embed\/ZgTSJk6HzK8?feature=oembed\" frameborder=\"0\" allow=\"accelerometer; autoplay; clipboard-write; encrypted-media; gyroscope; picture-in-picture\" allowfullscreen><\/iframe><\/p>\n","protected":false},"excerpt":{"rendered":"<p>Contact Office du tourisme de Zonnebeke Berten Pilstraat 5A B-8980 Zonnebeke T 0032 (0) 51 77 04 41 ou par toerisme@zonnebeke.be Route Par les transports publics Vous prenez le train jusqu&rsquo;\u00e0 Ypres, puis vous prenez le bus avec la ligne 94 (Ypres &#8211; Passendale &#8211; Roeselare). Descendez \u00e0 l&rsquo;arr\u00eat Zonnebeke &lsquo;Plaats&rsquo;. Cet arr\u00eat est situ\u00e9 [&hellip;]<\/p>\n","protected":false},"author":3,"featured_media":37741,"parent":0,"menu_order":0,"comment_status":"closed","ping_status":"closed","template":"","meta":{"_acf_changed":false,"footnotes":""},"class_list":["post-51685","page","type-page","status-publish","has-post-thumbnail","hentry"],"acf":[],"_links":{"self":[{"href":"https:\/\/www.toerismezonnebeke.be\/fr\/wp-json\/wp\/v2\/pages\/51685","targetHints":{"allow":["GET"]}}],"collection":[{"href":"https:\/\/www.toerismezonnebeke.be\/fr\/wp-json\/wp\/v2\/pages"}],"about":[{"href":"https:\/\/www.toerismezonnebeke.be\/fr\/wp-json\/wp\/v2\/types\/page"}],"author":[{"embeddable":true,"href":"https:\/\/www.toerismezonnebeke.be\/fr\/wp-json\/wp\/v2\/users\/3"}],"replies":[{"embeddable":true,"href":"https:\/\/www.toerismezonnebeke.be\/fr\/wp-json\/wp\/v2\/comments?post=51685"}],"version-history":[{"count":0,"href":"https:\/\/www.toerismezonnebeke.be\/fr\/wp-json\/wp\/v2\/pages\/51685\/revisions"}],"wp:featuredmedia":[{"embeddable":true,"href":"https:\/\/www.toerismezonnebeke.be\/fr\/wp-json\/wp\/v2\/media\/37741"}],"wp:attachment":[{"href":"https:\/\/www.toerismezonnebeke.be\/fr\/wp-json\/wp\/v2\/media?parent=51685"}],"curies":[{"name":"wp","href":"https:\/\/api.w.org\/{rel}","templated":true}]}}