{"id":51781,"date":"2022-11-14T11:29:43","date_gmt":"2022-11-14T09:29:43","guid":{"rendered":"https:\/\/www.toerismezonnebeke.be\/datenschutzerklaerung\/"},"modified":"2022-11-14T11:58:43","modified_gmt":"2022-11-14T09:58:43","slug":"datenschutzerklaerung","status":"publish","type":"page","link":"https:\/\/www.toerismezonnebeke.be\/de\/datenschutzerklaerung\/","title":{"rendered":"Datenschutzerkl\u00e4rung"},"content":{"rendered":"\t\t<div data-elementor-type=\"wp-page\" data-elementor-id=\"51781\" class=\"elementor elementor-51781 elementor-51740\" data-elementor-post-type=\"page\">\n\t\t\t\t\t\t<section class=\"elementor-section elementor-top-section elementor-element elementor-element-3f5f30bc elementor-section-boxed elementor-section-height-default elementor-section-height-default\" data-id=\"3f5f30bc\" data-element_type=\"section\" data-e-type=\"section\">\n\t\t\t\t\t\t<div class=\"elementor-container elementor-column-gap-default\">\n\t\t\t\t\t<div class=\"elementor-column elementor-col-100 elementor-top-column elementor-element elementor-element-29b718f\" data-id=\"29b718f\" data-element_type=\"column\" data-e-type=\"column\">\n\t\t\t<div class=\"elementor-widget-wrap elementor-element-populated\">\n\t\t\t\t\t\t<div class=\"elementor-element elementor-element-75101337 elementor-widget elementor-widget-text-editor\" data-id=\"75101337\" data-element_type=\"widget\" data-e-type=\"widget\" data-widget_type=\"text-editor.default\">\n\t\t\t\t<div class=\"elementor-widget-container\">\n\t\t\t\t\t\t\t\t\t<h2>Allgemeine Bedingungen und Konditionen<\/h2>\n<p>Die Nutzung dieser Website unterliegt bestimmten allgemeinen Bedingungen. Diese werden im Folgenden beschrieben. Durch die blo\u00dfe Nutzung der Website erkl\u00e4ren Sie sich mit diesen allgemeinen Nutzungsbedingungen einverstanden.<\/p>\n<p><strong>1 Zweck der Website<\/strong><\/p>\n<p>Diese Website ist ein Wegweiser, um Informationen \u00fcber die Dienstleistungen und die Politik der Gemeinde Zonnebeke zu finden. Die Gemeinde Zonnebeke m\u00f6chte Ihnen einen einfachen, schnellen und verbesserten Zugang zu diesen Informationen bieten.<\/p>\n<p>Die Informationen auf dieser Website und den anderen kommunalen Websites, auf die sie verweisen, sind allgemeiner Natur. Die Informationen sind nicht auf pers\u00f6nliche oder spezifische Umst\u00e4nde zugeschnitten und k\u00f6nnen daher nicht als pers\u00f6nliche, berufliche oder rechtliche Beratung des Nutzers angesehen werden.<\/p>\n<p>Wenn Sie eine spezifische oder pers\u00f6nliche Beratung ben\u00f6tigen, sollten Sie sich immer an die daf\u00fcr zust\u00e4ndigen Stellen wenden. Die Bediensteten der Gemeinde Zonnebeke k\u00f6nnen Ihnen vielleicht helfen, die zust\u00e4ndige Stelle oder Person zu finden.<\/p>\n<p>Es ist zu betonen, dass die auf der Website oder \u00fcber die Website zur Verf\u00fcgung gestellten Informationen und Dokumente nicht als authentische Kopie der offiziell angenommenen Texte angesehen werden k\u00f6nnen. Nur die im belgischen Staatsanzeiger ver\u00f6ffentlichten amtlichen Texte gelten als verbindliche Texte. Bei Abweichungen zwischen der elektronischen Fassung und dem gedruckten Text hat der im belgischen Staatsanzeiger ver\u00f6ffentlichte offizielle und gedruckte Text stets Vorrang.<\/p>\n<p><strong>2 Inhalt und Verf\u00fcgbarkeit der Website<\/strong><\/p>\n<p>Die Gemeinde Zonnebeke ist bestrebt, dass die zur Verf\u00fcgung gestellten Informationen vollst\u00e4ndig, richtig, genau und aktuell sind. Trotz dieser Bem\u00fchungen kann es zu Ungenauigkeiten in den bereitgestellten Informationen kommen. Sollten die auf oder \u00fcber die Website zur Verf\u00fcgung gestellten Informationen Ungenauigkeiten enthalten oder sollten bestimmte Informationen auf oder \u00fcber die Website nicht verf\u00fcgbar sein, wird die Gemeinde Zonnebeke sich bem\u00fchen, dies so schnell wie m\u00f6glich zu korrigieren.<\/p>\n<p>Die Gemeinde Zonnebeke bem\u00fcht sich au\u00dferdem, Unterbrechungen aufgrund technischer Fehler so weit wie m\u00f6glich zu vermeiden. Die Gemeinde Zonnebeke kann jedoch nicht garantieren, dass die Website v\u00f6llig frei von Unterbrechungen ist oder nicht durch andere technische Probleme beeintr\u00e4chtigt wird.<\/p>\n<p>Sollten Sie Ungenauigkeiten in den auf oder \u00fcber die Website bereitgestellten Informationen feststellen oder Fragen dazu haben, wenden Sie sich bitte per E-Mail an den Kommunikationsdienst unter communicatie@zonnebeke.be.<\/p>\n<p>Diese Website enth\u00e4lt Links zu anderen Websites von Beh\u00f6rden, Agenturen, Organisationen und Unternehmen, \u00fcber die die Gemeinde Zonnebeke keine technische oder inhaltliche Kontrolle hat. Die Gemeinde Zonnebeke kann daher keinerlei Gew\u00e4hr f\u00fcr die Vollst\u00e4ndigkeit oder Richtigkeit des Inhalts oder die Verf\u00fcgbarkeit dieser Websites \u00fcbernehmen.<\/p>\n<p><strong>3 Haftung<\/strong><\/p>\n<p>Jeder Nutzer, der die Informationen nach dieser Mitteilung nutzt, verzichtet auf jegliche Anspr\u00fcche im Zusammenhang mit der Nutzung von Material oder Informationen, die \u00fcber die Website zur Verf\u00fcgung gestellt werden, unabh\u00e4ngig davon, ob sich diese Anspr\u00fcche gegen die Gemeinde Zonnebeke oder gegen eine andere Person richten, die Material, Informationen oder Anwendungen auf der Website bereitgestellt hat oder bereitstellt. Die Gemeinde Zonnebeke oder eine Partei, die Informationen \u00fcber das System zur Verf\u00fcgung stellt, kann unter keinen Umst\u00e4nden f\u00fcr direkte oder indirekte Sch\u00e4den haftbar gemacht werden, die dem Nutzer oder Dritten entstehen.<\/p>\n<p>Jeder Nutzer, der die Informationen nach dieser Mitteilung verwendet, erkl\u00e4rt sich damit einverstanden, alle mit der Nutzung des Systems verbundenen Risiken zu \u00fcbernehmen und keine Beschwerde gegen die Gemeinde Zonnebeke oder eine andere Partei einzureichen, die Material oder Informationen in das System einspeist, einschlie\u00dflich des Risikos, dass ein Computer, Software oder Daten durch einen \u00fcber das System \u00fcbertragenen oder aktivierten Virus oder den Zugriff auf das System besch\u00e4digt werden k\u00f6nnen.<\/p>\n<p>Die Konsultation oder Nutzung dieser Website in einer beliebigen Sprache impliziert automatisch die vollst\u00e4ndige Annahme des obigen Haftungsausschlusses durch die Gemeinde Zonnebeke oder jede andere Partei, die Material, Informationen oder Anwendungen f\u00fcr die Website bereitgestellt hat oder bereitstellt.<\/p>\n<p><strong>4 Urheberrechte<\/strong><\/p>\n<p>Sofern nicht anders angegeben, sind die Informationen auf oder \u00fcber die Website [www.zonnebeke.be] frei von Rechten. Die Informationen d\u00fcrfen kostenlos, aber nur mit Quellenangabe und zum pers\u00f6nlichen Gebrauch verwendet werden. Wenn f\u00fcr die Verwendung oder Vervielf\u00e4ltigung bestimmter Informationen eine vorherige Genehmigung erforderlich ist, werden die Nutzungsbeschr\u00e4nkungen ausdr\u00fccklich angegeben. Die Verwendung und Vervielf\u00e4ltigung multimedialer Informationen (einschlie\u00dflich, aber nicht beschr\u00e4nkt auf Bilder, Ton und Softwareanwendungen) bedarf stets der vorherigen Genehmigung.<\/p>\n<p>Die Gemeinde Zonnebeke und\/oder andere behalten alle geistigen Eigentumsrechte an der Website [www.zonnebeke.be]. Bestimmte Softwareanwendungen und grafische Elemente, die auf oder \u00fcber die Website abgerufen werden k\u00f6nnen, werden von Dritten bereitgestellt und k\u00f6nnen urheberrechtlich gesch\u00fctzt sein, was die M\u00f6glichkeit der Nutzung und Vervielf\u00e4ltigung einschr\u00e4nkt und die vorherige Zustimmung des Urhebers voraussetzt.<\/p>\n<p>Alle von der Gemeinde Zonnebeke fotografierten Bilder d\u00fcrfen nur in nicht-kommerziellen Ver\u00f6ffentlichungen auf allen Tr\u00e4gern der Gemeinde Zonnebeke oder ihrer Partner verwendet werden. Kommerzielle Projekte sind nicht zul\u00e4ssig. Es sei denn, dies wurde mit dem Urheber der Bilder oder dem Kommunikationsbeauftragten der Gemeinde abgesprochen.<\/p>\n<p><strong>5 Datenschutz<\/strong><\/p>\n<p>Die Gemeinde Zonnebeke sammelt \u00fcber die Website keine pers\u00f6nlichen Daten, es sei denn, Sie stellen diese freiwillig zur Verf\u00fcgung. Wenn Sie der Gemeindeverwaltung personenbezogene Daten zur Verf\u00fcgung stellen, werden diese in einer sicheren Umgebung gespeichert, die der \u00d6ffentlichkeit nicht zug\u00e4nglich ist. Die Informationen werden ausschlie\u00dflich f\u00fcr interne Zwecke verarbeitet. Die Gemeindeverwaltung verarbeitet die personenbezogenen Daten, um ihm oder ihr den bestm\u00f6glichen Service zu bieten und mit ihm oder ihr in Kontakt zu treten. Personenbezogene Daten werden nicht l\u00e4nger verwendet, als es f\u00fcr die Erbringung der jeweiligen Dienstleistung oder die Nutzung der jeweiligen Funktion erforderlich ist. In der Regel werden personenbezogene Daten nicht an andere Organisationen weitergegeben, es sei denn, es handelt sich um die Erf\u00fcllung gesetzlicher Verpflichtungen oder um eine ausdr\u00fcckliche Anfrage der Justiz- oder Polizeibeh\u00f6rden. In dem Ausnahmefall, dass die Gemeindeverwaltung personenbezogene Daten an andere Organisationen weitergibt, wird dies ausdr\u00fccklich angegeben oder die ausdr\u00fcckliche Zustimmung des Nutzers eingeholt. Mit der Angabe seiner pers\u00f6nlichen Daten gibt der Nutzer der Gemeindeverwaltung seine ausdr\u00fcckliche Zustimmung zur Verarbeitung dieser Daten f\u00fcr die oben genannten Zwecke. Auf Anfrage gew\u00e4hrt die Gemeinde Zonnebeke den Besuchern der Website Zugang zu allen \u00fcber sie gespeicherten Informationen. Der Nutzer hat das Recht, seine personenbezogenen Daten zu korrigieren oder aus der Datenbank zu entfernen. Zu diesem Zweck kann die Gemeindeverwaltung unter privacy@zonnebeke.be kontaktiert werden.<\/p>\n<p><strong>6 Analytik<\/strong><\/p>\n<p>Diese Website benutzt Google Analytics, einen Webanalysedienst der Google Inc. (&#8222;Google&#8220;) Google Analytics verwendet sog. &#8222;Cookies&#8220; (Textdateien, die auf Ihrem Computer gespeichert werden), um eine Analyse der Benutzung der Website durch Sie zu erm\u00f6glichen. Die \u00fcber Ihre Nutzung der Website erzeugten Informationen (einschlie\u00dflich Ihrer IP-Adresse) werden an Google \u00fcbertragen und von diesem auf Servern in den Vereinigten Staaten gespeichert. Google verwendet diese Informationen, um zu verfolgen, wie Sie die Website nutzen, um Berichte \u00fcber die Website-Aktivit\u00e4ten f\u00fcr die Website-Betreiber zu erstellen und um weitere Dienstleistungen im Zusammenhang mit der Website-Aktivit\u00e4t und der Internetnutzung zu erbringen. Auch wird Google diese Informationen gegebenenfalls an Dritte \u00fcbertragen, sofern dies gesetzlich vorgeschrieben ist oder soweit Dritte diese Daten im Auftrag von Google verarbeiten. Google wird Ihre IP-Adresse nicht mit anderen von Google gespeicherten Daten in Verbindung bringen. Sie k\u00f6nnen die Verwendung von Cookies ablehnen, indem Sie die entsprechenden Einstellungen in Ihrem Browser vornehmen. Bitte beachten Sie jedoch, dass Sie in diesem Fall m\u00f6glicherweise nicht alle Funktionen dieser Website nutzen k\u00f6nnen. Durch die Nutzung dieser Website erkl\u00e4ren Sie sich mit der Bearbeitung der \u00fcber Sie erhobenen Daten durch Google in der zuvor beschriebenen Art und Weise und zu dem zuvor benannten Zweck einverstanden.<\/p>\n<p><strong>7 Kekse<\/strong><\/p>\n<p>Diese Website verwendet Cookies. Dies sind kleine Informationsdateien, die automatisch auf der Festplatte Ihres Computers gespeichert werden. Cookies machen den Zugang zur Website und die Navigation einfacher, schneller und effizienter. Die in diesen Cookies enthaltenen Informationen werden nicht zu kommerziellen Zwecken verwendet.<\/p>\n<p><em>Erforderliche Cookies<\/em><\/p>\n<p>Diese Cookies sind f\u00fcr den Besuch unserer Websites und die Nutzung bestimmter Teile davon unerl\u00e4sslich. Diese Cookies erm\u00f6glichen es Ihnen zum Beispiel, zwischen verschiedenen Teilen der Website zu navigieren oder Formulare auszuf\u00fcllen. Wenn Sie diese Cookies ablehnen, werden bestimmte Teile der Website nicht oder nicht optimal funktionieren.<\/p>\n<p><em>Funktionale Cookies<\/em><\/p>\n<p>Funktionale Cookies sind die Cookies, die das Funktionieren unserer Websites einfacher und angenehmer f\u00fcr den Besucher machen und daf\u00fcr sorgen, dass Sie ein personalisiertes Surferlebnis haben. Dabei handelt es sich zum Beispiel um Cookies, die sich an Ihre Pr\u00e4ferenzen erinnern oder verfolgen, ob Sie bereits um die Teilnahme an einer Umfrage gebeten wurden, damit wir Ihnen nicht immer wieder denselben Fragebogen stellen.<\/p>\n<p><em>Leistungs-Cookies<\/em><\/p>\n<p>Wir verwenden Performance-Cookies, um Informationen \u00fcber die Nutzung unserer Websites durch die Besucher zu sammeln, um den Inhalt unserer Websites zu verbessern, sie besser an die Bed\u00fcrfnisse der Besucher anzupassen und sie benutzerfreundlicher zu gestalten. So gibt es beispielsweise ein Cookie, das uns hilft, die Anzahl der einzelnen Besucher zu z\u00e4hlen, und ein Cookie, das aufzeichnet, welche Seiten am beliebtesten sind. Die Gemeinde Zonnebeke verwendet auf dieser Website Google Analytics von Google zur Messung und Analyse von Besucherinformationen. Zu diesem Zweck werden anhand Ihrer IP-Adresse Daten \u00fcber den Internetverkehr sowie Informationen \u00fcber Ihren Browsertyp und Ihren Computer gesammelt. Wir verwenden diese Daten nicht, um Sie pers\u00f6nlich zu identifizieren.<\/p>\n<p><em>Verwaltung von Cookies<\/em><\/p>\n<p>\u00dcber Ihre Browsereinstellungen k\u00f6nnen Sie die Installation von Cookies ablehnen. Auf der folgenden Website finden Sie das Verfahren zur Ablehnung von Cookies f\u00fcr die am h\u00e4ufigsten verwendeten Browser: www.aboutcookies.org<\/p>\n<p>Sie k\u00f6nnen auch bereits installierte Cookies jederzeit von Ihrem Computer oder Mobilger\u00e4t l\u00f6schen.<\/p>\n\t\t\t\t\t\t\t\t<\/div>\n\t\t\t\t<\/div>\n\t\t\t\t\t<\/div>\n\t\t<\/div>\n\t\t\t\t\t<\/div>\n\t\t<\/section>\n\t\t\t\t<section class=\"elementor-section elementor-top-section elementor-element elementor-element-49452d0 elementor-section-boxed elementor-section-height-default elementor-section-height-default\" data-id=\"49452d0\" data-element_type=\"section\" data-e-type=\"section\">\n\t\t\t\t\t\t<div class=\"elementor-container elementor-column-gap-default\">\n\t\t\t\t\t<div class=\"elementor-column elementor-col-100 elementor-top-column elementor-element elementor-element-acb5edf\" data-id=\"acb5edf\" data-element_type=\"column\" data-e-type=\"column\">\n\t\t\t<div class=\"elementor-widget-wrap elementor-element-populated\">\n\t\t\t\t\t\t<div class=\"elementor-element elementor-element-f113f51 elementor-widget elementor-widget-button\" data-id=\"f113f51\" data-element_type=\"widget\" data-e-type=\"widget\" data-widget_type=\"button.default\">\n\t\t\t\t<div class=\"elementor-widget-container\">\n\t\t\t\t\t\t\t\t\t<div class=\"elementor-button-wrapper\">\n\t\t\t\t\t<a class=\"elementor-button elementor-button-link elementor-size-sm\" href=\"https:\/\/www.toerismezonnebeke.be\/wp-content\/uploads\/2022\/11\/2020_zonnebeke_privacy_cookie_machtigingen_website.pdf\">\n\t\t\t\t\t\t<span class=\"elementor-button-content-wrapper\">\n\t\t\t\t\t\t\t\t\t<span class=\"elementor-button-text\">Datenschutz - Cookies - Berechtigungen<\/span>\n\t\t\t\t\t<\/span>\n\t\t\t\t\t<\/a>\n\t\t\t\t<\/div>\n\t\t\t\t\t\t\t\t<\/div>\n\t\t\t\t<\/div>\n\t\t\t\t\t<\/div>\n\t\t<\/div>\n\t\t\t\t\t<\/div>\n\t\t<\/section>\n\t\t\t\t<\/div>\n\t\t","protected":false},"excerpt":{"rendered":"<p>Allgemeine Bedingungen und Konditionen Die Nutzung dieser Website unterliegt bestimmten allgemeinen Bedingungen. Diese werden im Folgenden beschrieben. Durch die blo\u00dfe Nutzung der Website erkl\u00e4ren Sie sich mit diesen allgemeinen Nutzungsbedingungen einverstanden. 1 Zweck der Website Diese Website ist ein Wegweiser, um Informationen \u00fcber die Dienstleistungen und die Politik der Gemeinde Zonnebeke zu finden. Die Gemeinde [&hellip;]<\/p>\n","protected":false},"author":6,"featured_media":0,"parent":0,"menu_order":0,"comment_status":"closed","ping_status":"closed","template":"","meta":{"_acf_changed":false,"footnotes":""},"class_list":["post-51781","page","type-page","status-publish","hentry"],"acf":[],"_links":{"self":[{"href":"https:\/\/www.toerismezonnebeke.be\/de\/wp-json\/wp\/v2\/pages\/51781","targetHints":{"allow":["GET"]}}],"collection":[{"href":"https:\/\/www.toerismezonnebeke.be\/de\/wp-json\/wp\/v2\/pages"}],"about":[{"href":"https:\/\/www.toerismezonnebeke.be\/de\/wp-json\/wp\/v2\/types\/page"}],"author":[{"embeddable":true,"href":"https:\/\/www.toerismezonnebeke.be\/de\/wp-json\/wp\/v2\/users\/6"}],"replies":[{"embeddable":true,"href":"https:\/\/www.toerismezonnebeke.be\/de\/wp-json\/wp\/v2\/comments?post=51781"}],"version-history":[{"count":1,"href":"https:\/\/www.toerismezonnebeke.be\/de\/wp-json\/wp\/v2\/pages\/51781\/revisions"}],"predecessor-version":[{"id":51782,"href":"https:\/\/www.toerismezonnebeke.be\/de\/wp-json\/wp\/v2\/pages\/51781\/revisions\/51782"}],"wp:attachment":[{"href":"https:\/\/www.toerismezonnebeke.be\/de\/wp-json\/wp\/v2\/media?parent=51781"}],"curies":[{"name":"wp","href":"https:\/\/api.w.org\/{rel}","templated":true}]}}