{"id":51703,"date":"2022-10-24T16:10:11","date_gmt":"2022-10-24T14:10:11","guid":{"rendered":"https:\/\/www.toerismezonnebeke.be\/grupppen\/"},"modified":"2022-11-14T10:47:13","modified_gmt":"2022-11-14T08:47:13","slug":"grupppen","status":"publish","type":"page","link":"https:\/\/www.toerismezonnebeke.be\/de\/grupppen\/","title":{"rendered":"Grupppen"},"content":{"rendered":"\t\t<div data-elementor-type=\"wp-page\" data-elementor-id=\"51703\" class=\"elementor elementor-51703 elementor-45492\" data-elementor-post-type=\"page\">\n\t\t\t\t\t\t<section class=\"elementor-section elementor-top-section elementor-element elementor-element-cca9cae elementor-section-boxed elementor-section-height-default elementor-section-height-default\" data-id=\"cca9cae\" data-element_type=\"section\" data-e-type=\"section\">\n\t\t\t\t\t\t<div class=\"elementor-container elementor-column-gap-default\">\n\t\t\t\t\t<div class=\"elementor-column elementor-col-100 elementor-top-column elementor-element elementor-element-2c6cf54\" data-id=\"2c6cf54\" data-element_type=\"column\" data-e-type=\"column\">\n\t\t\t<div class=\"elementor-widget-wrap elementor-element-populated\">\n\t\t\t\t\t\t<div class=\"elementor-element elementor-element-1e2999f elementor-widget elementor-widget-heading\" data-id=\"1e2999f\" data-element_type=\"widget\" data-e-type=\"widget\" data-widget_type=\"heading.default\">\n\t\t\t\t<div class=\"elementor-widget-container\">\n\t\t\t\t\t<h2 class=\"elementor-heading-title elementor-size-default\">Dit is een titel<\/h2>\t\t\t\t<\/div>\n\t\t\t\t<\/div>\n\t\t\t\t<div class=\"elementor-element elementor-element-a5e065e elementor-widget elementor-widget-text-editor\" data-id=\"a5e065e\" data-element_type=\"widget\" data-e-type=\"widget\" data-widget_type=\"text-editor.default\">\n\t\t\t\t<div class=\"elementor-widget-container\">\n\t\t\t\t\t\t\t\t\t<p>Lorem ipsum dolor sit amet, consectetur adipiscing elit. Ut elit tellus, luctus nec ullamcorper mattis, pulvinar dapibus leo.<\/p>\t\t\t\t\t\t\t\t<\/div>\n\t\t\t\t<\/div>\n\t\t\t\t<div class=\"elementor-element elementor-element-f2c678c elementor-widget elementor-widget-button\" data-id=\"f2c678c\" data-element_type=\"widget\" data-e-type=\"widget\" data-widget_type=\"button.default\">\n\t\t\t\t<div class=\"elementor-widget-container\">\n\t\t\t\t\t\t\t\t\t<div class=\"elementor-button-wrapper\">\n\t\t\t\t\t<a class=\"elementor-button elementor-button-link elementor-size-sm\" href=\"#\">\n\t\t\t\t\t\t<span class=\"elementor-button-content-wrapper\">\n\t\t\t\t\t\t\t\t\t<span class=\"elementor-button-text\">Klik hier<\/span>\n\t\t\t\t\t<\/span>\n\t\t\t\t\t<\/a>\n\t\t\t\t<\/div>\n\t\t\t\t\t\t\t\t<\/div>\n\t\t\t\t<\/div>\n\t\t\t\t\t<\/div>\n\t\t<\/div>\n\t\t\t\t\t<\/div>\n\t\t<\/section>\n\t\t\t\t<section class=\"elementor-section elementor-top-section elementor-element elementor-element-baf394e elementor-section-boxed elementor-section-height-default elementor-section-height-default\" data-id=\"baf394e\" data-element_type=\"section\" data-e-type=\"section\">\n\t\t\t\t\t\t<div class=\"elementor-container elementor-column-gap-default\">\n\t\t\t\t\t<div class=\"elementor-column elementor-col-100 elementor-top-column elementor-element elementor-element-c8ece8a\" data-id=\"c8ece8a\" data-element_type=\"column\" data-e-type=\"column\">\n\t\t\t<div class=\"elementor-widget-wrap elementor-element-populated\">\n\t\t\t\t\t\t<div class=\"elementor-element elementor-element-6ff4583 elementor-widget elementor-widget-ts_custom_post_list\" data-id=\"6ff4583\" data-element_type=\"widget\" data-e-type=\"widget\" data-widget_type=\"ts_custom_post_list.classic\">\n\t\t\t\t<div class=\"elementor-widget-container\">\n\t\t\t\t\t        <div class=\"ts-post-list-wrapper classic\">\r\n            <ul class=\"ts-post-list\" >\r\n            <li class=\"ts-post-list-item\">\r\n    <div class=\"ts-post-thumb-area\"><img decoding=\"async\" loading=\"lazy\" src=\"data:image\/png;base64,iVBORw0KGgoAAAANSUhEUgAAAwAAAAJYBAMAAAAnBZyTAAAAG1BMVEWHh4f\/\/\/+Wlpa0tLTDw8OlpaXw8PDh4eHS0tKqNb1WAAAACXBIWXMAAA7EAAAOxAGVKw4bAAAJfElEQVR4nO3czXvcxBkA8M2uN\/axoiXmaDfF5ciWj3IkbYAc8VNKOXYLJRzZtiQccRvCv11pVyuPNPPaSVz6PJJ\/v0tsvVq\/2dF8aTS7sxkAAAAAAAAAAAAAAAAAAAAAAAAAAAAAAAAAAAAAAAAAAAAAAAAAAAAAAAAAAAAAAAAAAAAAAAAAAAAAAAAAAAAAAAAAAAAAAAAAAAAAAAAAAAAAAAAAAAAAAAAAAAAAAAAAAADA\/8f81yfB8Z8\/Q\/n4VZGRmb+T65\/xxZOqqu59\/7vBC+9\/sq6PP\/7Pyc3\/D0GG+Qeb+vg3w8NXRsbnoMqdJPHlxf7oN2+nr\/v9\/vC9P9zwfxBlWGzaw18OXxFHRuiaC7DcXB4+Tl62Sk7\/4Ub\/gShDcvzL8BUTuALXXICmdh4\/e\/jop7q\/uXd5+POm6v\/r4TsPnzc\/vJ391ZcQZJg9qI8\/fvZw29H9u\/eKODJG8z8PfJYWw1ldKB\/tzvtsc3l8Ub\/1f57sfqwL8I0b5A8yzA7rFNvj84\/rM05mLxKZhsPql93P87qSfdj98qg7XndA33WHL27SCUUZZpvL4+9X1d9mLxKZhlX1bfdzXT3\/UThlWSUXabZcp7+9pCDD7Kiq\/r7\/eb5JG2UcmYh19en+x7p6\/qp0yt2qSrv9s\/686WVEGepqkHQuR2kbiyPTcJD06If9gu6s+lW+LsUfXjFblGE+7HVevz4yEafVa93Pq6B6rpNeanfea8XzrhdlqGv2p8mvZ5c9TRyZiItkTAxq9rxfBk2X9IqDQNh2TvsXZnnZUOLINCyTGnUUTPIWw1p38KoT0ShDXQ36s5tN9ddrI9OQTkJPg4p90LtjnTVX7bh44rWiDPNkbrp1vu\/q48hEnCcV6sGgq987Glb4+at2xFGGxXBedbhPGUcmYp10qetBV793NBw5X\/kCRBmyUq3L\/brINCySzmQZFWvW5c9fsQsKM5wO+5Vu3I8j03A3eX9ZRd9bDMt7UegGTrIj8+xImGFV\/WJwZNNOl+LINKTrEHei2f182OqP8rF0\/lX2sucnwyNhhotsbHjQjk1xZBrSTvk8GCH7A0Xjbl6QZ4PJSnOVsnWzMMMme\/V5W\/PjyCT0OpcH2Xu9jHx75e+zpqCGvctF3k+FGfJ+\/U7bN8aRSUiHgLoMo9FtMH0vjYO\/Hc7Xj6rSVSpnmOere+3NdhyZhnQIqDua3b9vvvvo4Xsn6WkH\/RK\/W5gEzYdN4KJwUpQhu9Xuxus4Mg3pENBO7u8\/3z16\/yg9r7cGWZd14anIoAmUGkCYIbvV7qa+cWQSekPAbn3hre5B8XfJiWfpEtjn1b1CTzJoAqUGEGbIbrW7\/1ocmYTeELBoCnBbOve+3pZP8uRqvq7eOGl\/fit5QpXqNYFSA4gzFHqV9p4tjkzCKp1SN5P75bqqvmq2P\/1pU\/XqeV267RX4TVUdn5T+WK8JlBpAnOGwVMzV1ZFJ2KTz+2ZddFVVP+5+mz\/oPQdutoYc1+U2b\/ZnfVj+a0kTKDaAOENhYtPe\/MWRKeg35sPq9UXS79QVOp36NHshqm8eNVtzop1xSRMoNoA4Q7mYT66MTEG\/fde3t+fpgXrumd7vNptytpvZ4gdSXRMoN4A4w93CvdX+AkSRKTjtlXD9Xvurxav+aNf03rU34gvQNYFyA4gz3NYLcNFbV7xTHfff7UGvt\/+imz3+GP7BtgkEDSDOUFpd2BVzHJmAQWd6JxteN0kLeb\/pfT5685PhHUL\/L+6aQNAA4gzlYv70ysgEDO4yT6thuSUbEj7f37kuP66CvW2NbROIGkCc4Za2gEH\/WhfP4M0edYNAXabH+2r3lyreGbJtAlEDiDPc0jFg1X+ycZpV3GXX2DeX5b+9AuFyWN0EHkUNIM5wSy\/A4FnHaV6x1+0ZZ\/3QKrwX287tw7WaMMPtvA8YvpHT\/I3tnwdu+qs\/83X8TKRuAuGDtTDDYXi\/G0fGb7jQeJovcrWd1MGw4M7iz0nUFydcKwsz3M61oOEE407edbSPX7OtIcu4DzqK14riDMVF53Y1NIqM32AMrosne6\/trfJFthEk3pnQLBlFQ3SYofjY5Xh2ZWT8NtlWh6x4dttICqNetMezaQBPwyYQZig8Y2mrfhwZveULbLrc9VIvUwj1PUD2dPj6DIVuve3848joZWVYKNRd\/Sxsw4r64e1NcLZB4toMt3JXRHaTX+hbd8VzmE86o6ng9iY4bAJhhmzn1+VKbRwZu+EYXKrVp9s5SmEfXHA32q4CRU0gzHArd8Zl76zQ2nfvtbSjs3wB2lWgqAmEGQpb7fZH4sjIFQojXyjY7dt64QvQLYNGTSDKUF+HYYr9KkgcGblCf5zv+97dABS6oPJ6TLcMGjWBKEN9jQcDa7f7MY6MXGEukW\/F342AhfWY4nJA8hwgaAJRhvqlg+pwsB8u4sjI5U07v7tqbxUKs8diKSTPAYImEGXIPwl2d\/\/6ODJy+Qcf6po+KNW29hUmL4V72v6DsHITiDI0LeGHXuDyo+BxZNzy+XVT2frHTruboeG5pc+K9h6ElZtAlKGZ2vSL9fKz+XFk1Iqd+Dr4TPRFtvS2zhfjBk+Cy00gylBfiV5Xn+yHjyOjVlzMWfUPdvX1fHjyQeGp8OBJcLkJRBkGW2DqjN0fiyOjls3uGoOvMune69GwNq9KH5sYdA1npSYQZWjaRvoJhHXS78SRMcsnhLNtZ5\/U2kWVDIS9ijvYtLiVbYUofjNQmKG+FknX0nsGHUfGLH\/G0jhPt\/xcXL7xs95HApo9ilkprLKx8az04DjK0FyM7tIsexc8joxZuSItkr3P7yebeJoveuu2wzVf+5n3X4usa56vC6NllGG7\/71NMfxSujgyXtGD7bqCVtuvxr1\/0fuARrPXYfe9tfN311XxI0r5oTdfJsP20nzV\/H5\/U2VDdRAZr+wGv7Xd1lM9frrdCJ1+ReeD7QeLnj59Ug0jLynMsP1q0urrXaDfPOPIaBUnQY3Fuvghve7TATct\/zhDe5GLCeLIWBVWglr7r2m+N9yE\/sG+4I5v+BXaYYb911MXvpw6jkzQZz89efz9H0+y4\/N3f3ry9dNn7\/18GWb3Hz0tB66IAAAAAAAAAAAAAAAAAAAAAAAAAAAAAAAAAAAAAAAAAAAAAAAAAAAAAAAAAAAAAAAAAAAAAAAAAAAAAAAAAAAAAAAAAAAAAAAAAAAAAAAAAAAAAAAAAAAAAAAAAAAAAAAAAAAAAPxP\/BdXW4ybEHjeRgAAAABJRU5ErkJggg==\"><\/div>        <div class=\"ts-post-list-content\">\r\n            \t\t<div class=\"ts-post-list-title\">\r\n                        <a href=\"https:\/\/www.toerismezonnebeke.be\/de\/eten-en-drinken\/weingut-altinus\/\">\r\n                <h2 class=\"ts-post-list-title\">Weingut Altinus<\/h2>            <\/a>        <\/div>\r\n                \r\n            <div class=\"ts-post-list-excerpt\">\r\n                <p>Basierend auf der Leidenschaft f\u00fcr Wein und Weinbau hat eine Gruppe begeisterter Winzer im Jahr 2018 einen Weinberg angelegt und VZW Wijngaard Altinus gegr\u00fcndet. Ziel.<\/p>            <\/div>\r\n            <div class=\"ts-post-list-footer-container\">\r\n                <div class=\"ts-post-list-icons\"><\/div>\r\n                            <\/div>\r\n        <\/div>\r\n                <\/li>\r\n            <li class=\"ts-post-list-item\">\r\n    <div class=\"ts-post-thumb-area\"><img decoding=\"async\" loading=\"lazy\" src=\"data:image\/png;base64,iVBORw0KGgoAAAANSUhEUgAAAwAAAAJYBAMAAAAnBZyTAAAAG1BMVEWHh4f\/\/\/+Wlpa0tLTDw8OlpaXw8PDh4eHS0tKqNb1WAAAACXBIWXMAAA7EAAAOxAGVKw4bAAAJfElEQVR4nO3czXvcxBkA8M2uN\/axoiXmaDfF5ciWj3IkbYAc8VNKOXYLJRzZtiQccRvCv11pVyuPNPPaSVz6PJJ\/v0tsvVq\/2dF8aTS7sxkAAAAAAAAAAAAAAAAAAAAAAAAAAAAAAAAAAAAAAAAAAAAAAAAAAAAAAAAAAAAAAAAAAAAAAAAAAAAAAAAAAAAAAAAAAAAAAAAAAAAAAAAAAAAAAAAAAAAAAAAAAAAAAAAAAADA\/8f81yfB8Z8\/Q\/n4VZGRmb+T65\/xxZOqqu59\/7vBC+9\/sq6PP\/7Pyc3\/D0GG+Qeb+vg3w8NXRsbnoMqdJPHlxf7oN2+nr\/v9\/vC9P9zwfxBlWGzaw18OXxFHRuiaC7DcXB4+Tl62Sk7\/4Ub\/gShDcvzL8BUTuALXXICmdh4\/e\/jop7q\/uXd5+POm6v\/r4TsPnzc\/vJ391ZcQZJg9qI8\/fvZw29H9u\/eKODJG8z8PfJYWw1ldKB\/tzvtsc3l8Ub\/1f57sfqwL8I0b5A8yzA7rFNvj84\/rM05mLxKZhsPql93P87qSfdj98qg7XndA33WHL27SCUUZZpvL4+9X1d9mLxKZhlX1bfdzXT3\/UThlWSUXabZcp7+9pCDD7Kiq\/r7\/eb5JG2UcmYh19en+x7p6\/qp0yt2qSrv9s\/686WVEGepqkHQuR2kbiyPTcJD06If9gu6s+lW+LsUfXjFblGE+7HVevz4yEafVa93Pq6B6rpNeanfea8XzrhdlqGv2p8mvZ5c9TRyZiItkTAxq9rxfBk2X9IqDQNh2TvsXZnnZUOLINCyTGnUUTPIWw1p38KoT0ShDXQ36s5tN9ddrI9OQTkJPg4p90LtjnTVX7bh44rWiDPNkbrp1vu\/q48hEnCcV6sGgq987Glb4+at2xFGGxXBedbhPGUcmYp10qetBV793NBw5X\/kCRBmyUq3L\/brINCySzmQZFWvW5c9fsQsKM5wO+5Vu3I8j03A3eX9ZRd9bDMt7UegGTrIj8+xImGFV\/WJwZNNOl+LINKTrEHei2f182OqP8rF0\/lX2sucnwyNhhotsbHjQjk1xZBrSTvk8GCH7A0Xjbl6QZ4PJSnOVsnWzMMMme\/V5W\/PjyCT0OpcH2Xu9jHx75e+zpqCGvctF3k+FGfJ+\/U7bN8aRSUiHgLoMo9FtMH0vjYO\/Hc7Xj6rSVSpnmOere+3NdhyZhnQIqDua3b9vvvvo4Xsn6WkH\/RK\/W5gEzYdN4KJwUpQhu9Xuxus4Mg3pENBO7u8\/3z16\/yg9r7cGWZd14anIoAmUGkCYIbvV7qa+cWQSekPAbn3hre5B8XfJiWfpEtjn1b1CTzJoAqUGEGbIbrW7\/1ocmYTeELBoCnBbOve+3pZP8uRqvq7eOGl\/fit5QpXqNYFSA4gzFHqV9p4tjkzCKp1SN5P75bqqvmq2P\/1pU\/XqeV267RX4TVUdn5T+WK8JlBpAnOGwVMzV1ZFJ2KTz+2ZddFVVP+5+mz\/oPQdutoYc1+U2b\/ZnfVj+a0kTKDaAOENhYtPe\/MWRKeg35sPq9UXS79QVOp36NHshqm8eNVtzop1xSRMoNoA4Q7mYT66MTEG\/fde3t+fpgXrumd7vNptytpvZ4gdSXRMoN4A4w93CvdX+AkSRKTjtlXD9Xvurxav+aNf03rU34gvQNYFyA4gz3NYLcNFbV7xTHfff7UGvt\/+imz3+GP7BtgkEDSDOUFpd2BVzHJmAQWd6JxteN0kLeb\/pfT5685PhHUL\/L+6aQNAA4gzlYv70ysgEDO4yT6thuSUbEj7f37kuP66CvW2NbROIGkCc4Za2gEH\/WhfP4M0edYNAXabH+2r3lyreGbJtAlEDiDPc0jFg1X+ycZpV3GXX2DeX5b+9AuFyWN0EHkUNIM5wSy\/A4FnHaV6x1+0ZZ\/3QKrwX287tw7WaMMPtvA8YvpHT\/I3tnwdu+qs\/83X8TKRuAuGDtTDDYXi\/G0fGb7jQeJovcrWd1MGw4M7iz0nUFydcKwsz3M61oOEE407edbSPX7OtIcu4DzqK14riDMVF53Y1NIqM32AMrosne6\/trfJFthEk3pnQLBlFQ3SYofjY5Xh2ZWT8NtlWh6x4dttICqNetMezaQBPwyYQZig8Y2mrfhwZveULbLrc9VIvUwj1PUD2dPj6DIVuve3848joZWVYKNRd\/Sxsw4r64e1NcLZB4toMt3JXRHaTX+hbd8VzmE86o6ng9iY4bAJhhmzn1+VKbRwZu+EYXKrVp9s5SmEfXHA32q4CRU0gzHArd8Zl76zQ2nfvtbSjs3wB2lWgqAmEGQpb7fZH4sjIFQojXyjY7dt64QvQLYNGTSDKUF+HYYr9KkgcGblCf5zv+97dABS6oPJ6TLcMGjWBKEN9jQcDa7f7MY6MXGEukW\/F342AhfWY4nJA8hwgaAJRhvqlg+pwsB8u4sjI5U07v7tqbxUKs8diKSTPAYImEGXIPwl2d\/\/6ODJy+Qcf6po+KNW29hUmL4V72v6DsHITiDI0LeGHXuDyo+BxZNzy+XVT2frHTruboeG5pc+K9h6ElZtAlKGZ2vSL9fKz+XFk1Iqd+Dr4TPRFtvS2zhfjBk+Cy00gylBfiV5Xn+yHjyOjVlzMWfUPdvX1fHjyQeGp8OBJcLkJRBkGW2DqjN0fiyOjls3uGoOvMune69GwNq9KH5sYdA1npSYQZWjaRvoJhHXS78SRMcsnhLNtZ5\/U2kWVDIS9ijvYtLiVbYUofjNQmKG+FknX0nsGHUfGLH\/G0jhPt\/xcXL7xs95HApo9ilkprLKx8az04DjK0FyM7tIsexc8joxZuSItkr3P7yebeJoveuu2wzVf+5n3X4usa56vC6NllGG7\/71NMfxSujgyXtGD7bqCVtuvxr1\/0fuARrPXYfe9tfN311XxI0r5oTdfJsP20nzV\/H5\/U2VDdRAZr+wGv7Xd1lM9frrdCJ1+ReeD7QeLnj59Ug0jLynMsP1q0urrXaDfPOPIaBUnQY3Fuvghve7TATct\/zhDe5GLCeLIWBVWglr7r2m+N9yE\/sG+4I5v+BXaYYb911MXvpw6jkzQZz89efz9H0+y4\/N3f3ry9dNn7\/18GWb3Hz0tB66IAAAAAAAAAAAAAAAAAAAAAAAAAAAAAAAAAAAAAAAAAAAAAAAAAAAAAAAAAAAAAAAAAAAAAAAAAAAAAAAAAAAAAAAAAAAAAAAAAAAAAAAAAAAAAAAAAAAAAAAAAAAAAAAAAAAAAPxP\/BdXW4ybEHjeRgAAAABJRU5ErkJggg==\"><\/div>        <div class=\"ts-post-list-content\">\r\n            \t\t<div class=\"ts-post-list-title\">\r\n                        <a href=\"https:\/\/www.toerismezonnebeke.be\/de\/eten-en-drinken\/de-spilhoeve\/\">\r\n                <h2 class=\"ts-post-list-title\">De Spilhoeve<\/h2>            <\/a>        <\/div>\r\n                \r\n            <div class=\"ts-post-list-excerpt\">\r\n                <p>Bauernhofprodukte frisch vom Feld! Mit den Automaten und dem sch\u00f6nen Hofladen will De Spilhoeve die kurze Kette noch mehr f\u00f6rdern und so tagesfrische Produkte zu.<\/p>            <\/div>\r\n            <div class=\"ts-post-list-footer-container\">\r\n                <div class=\"ts-post-list-icons\"><\/div>\r\n                            <\/div>\r\n        <\/div>\r\n                <\/li>\r\n            <li class=\"ts-post-list-item\">\r\n    <div class=\"ts-post-thumb-area\"><img decoding=\"async\" loading=\"lazy\" src=\"data:image\/png;base64,iVBORw0KGgoAAAANSUhEUgAAAwAAAAJYBAMAAAAnBZyTAAAAG1BMVEWHh4f\/\/\/+Wlpa0tLTDw8OlpaXw8PDh4eHS0tKqNb1WAAAACXBIWXMAAA7EAAAOxAGVKw4bAAAJfElEQVR4nO3czXvcxBkA8M2uN\/axoiXmaDfF5ciWj3IkbYAc8VNKOXYLJRzZtiQccRvCv11pVyuPNPPaSVz6PJJ\/v0tsvVq\/2dF8aTS7sxkAAAAAAAAAAAAAAAAAAAAAAAAAAAAAAAAAAAAAAAAAAAAAAAAAAAAAAAAAAAAAAAAAAAAAAAAAAAAAAAAAAAAAAAAAAAAAAAAAAAAAAAAAAAAAAAAAAAAAAAAAAAAAAAAAAADA\/8f81yfB8Z8\/Q\/n4VZGRmb+T65\/xxZOqqu59\/7vBC+9\/sq6PP\/7Pyc3\/D0GG+Qeb+vg3w8NXRsbnoMqdJPHlxf7oN2+nr\/v9\/vC9P9zwfxBlWGzaw18OXxFHRuiaC7DcXB4+Tl62Sk7\/4Ub\/gShDcvzL8BUTuALXXICmdh4\/e\/jop7q\/uXd5+POm6v\/r4TsPnzc\/vJ391ZcQZJg9qI8\/fvZw29H9u\/eKODJG8z8PfJYWw1ldKB\/tzvtsc3l8Ub\/1f57sfqwL8I0b5A8yzA7rFNvj84\/rM05mLxKZhsPql93P87qSfdj98qg7XndA33WHL27SCUUZZpvL4+9X1d9mLxKZhlX1bfdzXT3\/UThlWSUXabZcp7+9pCDD7Kiq\/r7\/eb5JG2UcmYh19en+x7p6\/qp0yt2qSrv9s\/686WVEGepqkHQuR2kbiyPTcJD06If9gu6s+lW+LsUfXjFblGE+7HVevz4yEafVa93Pq6B6rpNeanfea8XzrhdlqGv2p8mvZ5c9TRyZiItkTAxq9rxfBk2X9IqDQNh2TvsXZnnZUOLINCyTGnUUTPIWw1p38KoT0ShDXQ36s5tN9ddrI9OQTkJPg4p90LtjnTVX7bh44rWiDPNkbrp1vu\/q48hEnCcV6sGgq987Glb4+at2xFGGxXBedbhPGUcmYp10qetBV793NBw5X\/kCRBmyUq3L\/brINCySzmQZFWvW5c9fsQsKM5wO+5Vu3I8j03A3eX9ZRd9bDMt7UegGTrIj8+xImGFV\/WJwZNNOl+LINKTrEHei2f182OqP8rF0\/lX2sucnwyNhhotsbHjQjk1xZBrSTvk8GCH7A0Xjbl6QZ4PJSnOVsnWzMMMme\/V5W\/PjyCT0OpcH2Xu9jHx75e+zpqCGvctF3k+FGfJ+\/U7bN8aRSUiHgLoMo9FtMH0vjYO\/Hc7Xj6rSVSpnmOere+3NdhyZhnQIqDua3b9vvvvo4Xsn6WkH\/RK\/W5gEzYdN4KJwUpQhu9Xuxus4Mg3pENBO7u8\/3z16\/yg9r7cGWZd14anIoAmUGkCYIbvV7qa+cWQSekPAbn3hre5B8XfJiWfpEtjn1b1CTzJoAqUGEGbIbrW7\/1ocmYTeELBoCnBbOve+3pZP8uRqvq7eOGl\/fit5QpXqNYFSA4gzFHqV9p4tjkzCKp1SN5P75bqqvmq2P\/1pU\/XqeV267RX4TVUdn5T+WK8JlBpAnOGwVMzV1ZFJ2KTz+2ZddFVVP+5+mz\/oPQdutoYc1+U2b\/ZnfVj+a0kTKDaAOENhYtPe\/MWRKeg35sPq9UXS79QVOp36NHshqm8eNVtzop1xSRMoNoA4Q7mYT66MTEG\/fde3t+fpgXrumd7vNptytpvZ4gdSXRMoN4A4w93CvdX+AkSRKTjtlXD9Xvurxav+aNf03rU34gvQNYFyA4gz3NYLcNFbV7xTHfff7UGvt\/+imz3+GP7BtgkEDSDOUFpd2BVzHJmAQWd6JxteN0kLeb\/pfT5685PhHUL\/L+6aQNAA4gzlYv70ysgEDO4yT6thuSUbEj7f37kuP66CvW2NbROIGkCc4Za2gEH\/WhfP4M0edYNAXabH+2r3lyreGbJtAlEDiDPc0jFg1X+ycZpV3GXX2DeX5b+9AuFyWN0EHkUNIM5wSy\/A4FnHaV6x1+0ZZ\/3QKrwX287tw7WaMMPtvA8YvpHT\/I3tnwdu+qs\/83X8TKRuAuGDtTDDYXi\/G0fGb7jQeJovcrWd1MGw4M7iz0nUFydcKwsz3M61oOEE407edbSPX7OtIcu4DzqK14riDMVF53Y1NIqM32AMrosne6\/trfJFthEk3pnQLBlFQ3SYofjY5Xh2ZWT8NtlWh6x4dttICqNetMezaQBPwyYQZig8Y2mrfhwZveULbLrc9VIvUwj1PUD2dPj6DIVuve3848joZWVYKNRd\/Sxsw4r64e1NcLZB4toMt3JXRHaTX+hbd8VzmE86o6ng9iY4bAJhhmzn1+VKbRwZu+EYXKrVp9s5SmEfXHA32q4CRU0gzHArd8Zl76zQ2nfvtbSjs3wB2lWgqAmEGQpb7fZH4sjIFQojXyjY7dt64QvQLYNGTSDKUF+HYYr9KkgcGblCf5zv+97dABS6oPJ6TLcMGjWBKEN9jQcDa7f7MY6MXGEukW\/F342AhfWY4nJA8hwgaAJRhvqlg+pwsB8u4sjI5U07v7tqbxUKs8diKSTPAYImEGXIPwl2d\/\/6ODJy+Qcf6po+KNW29hUmL4V72v6DsHITiDI0LeGHXuDyo+BxZNzy+XVT2frHTruboeG5pc+K9h6ElZtAlKGZ2vSL9fKz+XFk1Iqd+Dr4TPRFtvS2zhfjBk+Cy00gylBfiV5Xn+yHjyOjVlzMWfUPdvX1fHjyQeGp8OBJcLkJRBkGW2DqjN0fiyOjls3uGoOvMune69GwNq9KH5sYdA1npSYQZWjaRvoJhHXS78SRMcsnhLNtZ5\/U2kWVDIS9ijvYtLiVbYUofjNQmKG+FknX0nsGHUfGLH\/G0jhPt\/xcXL7xs95HApo9ilkprLKx8az04DjK0FyM7tIsexc8joxZuSItkr3P7yebeJoveuu2wzVf+5n3X4usa56vC6NllGG7\/71NMfxSujgyXtGD7bqCVtuvxr1\/0fuARrPXYfe9tfN311XxI0r5oTdfJsP20nzV\/H5\/U2VDdRAZr+wGv7Xd1lM9frrdCJ1+ReeD7QeLnj59Ug0jLynMsP1q0urrXaDfPOPIaBUnQY3Fuvghve7TATct\/zhDe5GLCeLIWBVWglr7r2m+N9yE\/sG+4I5v+BXaYYb911MXvpw6jkzQZz89efz9H0+y4\/N3f3ry9dNn7\/18GWb3Hz0tB66IAAAAAAAAAAAAAAAAAAAAAAAAAAAAAAAAAAAAAAAAAAAAAAAAAAAAAAAAAAAAAAAAAAAAAAAAAAAAAAAAAAAAAAAAAAAAAAAAAAAAAAAAAAAAAAAAAAAAAAAAAAAAAAAAAAAAAPxP\/BdXW4ybEHjeRgAAAABJRU5ErkJggg==\"><\/div>        <div class=\"ts-post-list-content\">\r\n            \t\t<div class=\"ts-post-list-title\">\r\n                        <a href=\"https:\/\/www.toerismezonnebeke.be\/de\/eten-en-drinken\/de-geite-fire\/\">\r\n                <h2 class=\"ts-post-list-title\">De geite @ Fire<\/h2>            <\/a>        <\/div>\r\n                \r\n            <div class=\"ts-post-list-excerpt\">\r\n                <p>Im Herzen von Beselare finden Sie De geite @ Fire, das gem\u00fctliche Trink- und Esshaus, in dem sich Geschmack und Atmosph\u00e4re vereinen. Unser K\u00fcchenchef mit.<\/p>            <\/div>\r\n            <div class=\"ts-post-list-footer-container\">\r\n                <div class=\"ts-post-list-icons\"><\/div>\r\n                            <\/div>\r\n        <\/div>\r\n                <\/li>\r\n                <\/ul>\r\n        <\/div>\r\n    \t\t\t\t<\/div>\n\t\t\t\t<\/div>\n\t\t\t\t\t<\/div>\n\t\t<\/div>\n\t\t\t\t\t<\/div>\n\t\t<\/section>\n\t\t\t\t<\/div>\n\t\t","protected":false},"excerpt":{"rendered":"<p>Dit is een titel Lorem ipsum dolor sit amet, consectetur adipiscing elit. Ut elit tellus, luctus nec ullamcorper mattis, pulvinar dapibus leo. Klik hier Wijngaard Den Nachtegael Het wijndomein In mei 2020 werd 8,5 hecare aan wijnstokken aangeplant. Het uiteindelijke doel is om de wijngaard uit te laten groeien tot 14,5 hectare.. Wijngaard Altinus Eerste [&hellip;]<\/p>\n","protected":false},"author":1,"featured_media":0,"parent":0,"menu_order":0,"comment_status":"closed","ping_status":"closed","template":"","meta":{"_acf_changed":false,"footnotes":""},"class_list":["post-51703","page","type-page","status-publish","hentry"],"acf":[],"_links":{"self":[{"href":"https:\/\/www.toerismezonnebeke.be\/de\/wp-json\/wp\/v2\/pages\/51703","targetHints":{"allow":["GET"]}}],"collection":[{"href":"https:\/\/www.toerismezonnebeke.be\/de\/wp-json\/wp\/v2\/pages"}],"about":[{"href":"https:\/\/www.toerismezonnebeke.be\/de\/wp-json\/wp\/v2\/types\/page"}],"author":[{"embeddable":true,"href":"https:\/\/www.toerismezonnebeke.be\/de\/wp-json\/wp\/v2\/users\/1"}],"replies":[{"embeddable":true,"href":"https:\/\/www.toerismezonnebeke.be\/de\/wp-json\/wp\/v2\/comments?post=51703"}],"version-history":[{"count":1,"href":"https:\/\/www.toerismezonnebeke.be\/de\/wp-json\/wp\/v2\/pages\/51703\/revisions"}],"predecessor-version":[{"id":51704,"href":"https:\/\/www.toerismezonnebeke.be\/de\/wp-json\/wp\/v2\/pages\/51703\/revisions\/51704"}],"wp:attachment":[{"href":"https:\/\/www.toerismezonnebeke.be\/de\/wp-json\/wp\/v2\/media?parent=51703"}],"curies":[{"name":"wp","href":"https:\/\/api.w.org\/{rel}","templated":true}]}}