{"id":51687,"date":"2022-09-20T15:40:56","date_gmt":"2022-09-20T13:40:56","guid":{"rendered":"https:\/\/www.toerismezonnebeke.be\/fremdenverkehrsamt-zonnebeke\/"},"modified":"2022-09-20T15:40:56","modified_gmt":"2022-09-20T13:40:56","slug":"fremdenverkehrsamt-zonnebeke","status":"publish","type":"page","link":"https:\/\/www.toerismezonnebeke.be\/de\/fremdenverkehrsamt-zonnebeke\/","title":{"rendered":"Fremdenverkehrsamt Zonnebeke"},"content":{"rendered":"<h2>Kontakt<\/h2>\n<table>\n<tbody>\n<tr>\n<td><strong>Fremdenverkehrsamt Zonnebeke<\/strong><\/p>\n<p>Berten Pilstraat 5A<\/p>\n<p>B-8980 Zonnebeke<\/p>\n<p><strong>T<\/strong>\u00a00032 (0) 51 77 04 41 of via\u00a0<a href=\"mailto:toerisme@zonnebeke.be\">toerisme@zonnebeke.be<\/a><\/td>\n<\/tr>\n<\/tbody>\n<\/table>\n<h2>Route<\/h2>\n<h3>Mit \u00f6ffentlichten Verkehrsmitteln<\/h3>\n<p>Nehmen Sie den Zug nach Ypern und dann den Bus der Linie 94 (Ypern &#8211; Passendale &#8211; Roeselare). Steigen Sie an der Haltestelle Zonnebeke &#8218;Plaats&#8216; aus. Diese Haltestelle befindet sich im Herzen von Zonnebeke. Das Museum und das Fremdenverkehrsamt befinden sich im zentral gelegenen <a href=\"https:\/\/www.toerismezonnebeke.be\/de\/zien-en-doen\/schlossdomaene-zonnebeke\/\">Schlosspark<\/a>.<\/p>\n<h3>Mit privaten Verkehrsmitteln<\/h3>\n<p>Von Kortrijk aus nehmen Sie die A19 in Richtung Ypern, wo Sie die Ausfahrt 4 (Ypern &#8211; Heuvelland &#8211; Zillebeke) nehmen. Am Ende dieser Ausfahrt fahren Sie rechts bis zum n\u00e4chsten Kreisverkehr, wo Sie die erste Ausfahrt in Richtung Zonnebeke (Ieperstraat) nehmen.<\/p>\n<p>Nach etwa 200 m in der Ieperstraat biegen Sie rechts in die Berten Pilstraat ein, wo Sie auf einem der beiden ausgewiesenen Parkpl\u00e4tze parken k\u00f6nnen.<\/p>\n<h3>Mit dem Fahrrad<\/h3>\n<p>Das Fremdenverkehrsb\u00fcro ist von allen Stadtbezirken aus leicht mit dem Fahrrad zu erreichen. Die Stroroute oder Railway 64 ist eine gr\u00fcne Fahrradroute zwischen Ypern und Roeselare und f\u00fchrt Sie bis zu 300 m vom Zentrum entfernt.<\/p>\n<p>Von hier aus biegen Sie an der Langemarkstraat in der N\u00e4he des Caf\u00e9s Spoorlijn 64 ab und radeln in Richtung Zonnebeke-Kirche. Links von der Kirche radeln Sie in den zentralen Schlosspark.<br \/>\nParken Sie Ihr Fahrrad im Fahrradparker neben dem Schlossgeb\u00e4ude. Es stehen 2 kostenlose Ladestationen zur Verf\u00fcgung, um Ihr Elektrofahrrad aufzuladen.<\/p>\n<h2>Parken<\/h2>\n<p>In der Berten Pilstraat stehen zwei gro\u00dfe Parkpl\u00e4tze zur Verf\u00fcgung: Nummer 5 (Parkplatz 1) und Nummer 18 (Parkplatz 2). <strong>Bitte beachten Sie, dass Parkhaus 1 eine blaue Zone ist.<\/strong> (Sie k\u00f6nnen hier maximal 3 Stunden parken, wenn Sie die Parkscheibe benutzen).<\/p>\n<h2>Busparkplatz<\/h2>\n<p>Au\u00dferdem gibt es einen Parkplatz f\u00fcr Busse. <strong>Achtung!<\/strong> Sie d\u00fcrfen dort nur maximal 30 Minuten parken. Busse k\u00f6nnen ihre Gruppen dort absetzen und aufnehmen. Dazwischen m\u00fcssen die Busse in der Roeselarestraat (nahe Hausnummer 29) parken.<\/p>\n","protected":false},"excerpt":{"rendered":"<p>Kontakt Fremdenverkehrsamt Zonnebeke Berten Pilstraat 5A B-8980 Zonnebeke T\u00a00032 (0) 51 77 04 41 of via\u00a0toerisme@zonnebeke.be Route Mit \u00f6ffentlichten Verkehrsmitteln Nehmen Sie den Zug nach Ypern und dann den Bus der Linie 94 (Ypern &#8211; Passendale &#8211; Roeselare). Steigen Sie an der Haltestelle Zonnebeke &#8218;Plaats&#8216; aus. Diese Haltestelle befindet sich im Herzen von Zonnebeke. Das [&hellip;]<\/p>\n","protected":false},"author":3,"featured_media":37742,"parent":0,"menu_order":0,"comment_status":"closed","ping_status":"closed","template":"","meta":{"_acf_changed":false,"footnotes":""},"class_list":["post-51687","page","type-page","status-publish","has-post-thumbnail","hentry"],"acf":[],"_links":{"self":[{"href":"https:\/\/www.toerismezonnebeke.be\/de\/wp-json\/wp\/v2\/pages\/51687","targetHints":{"allow":["GET"]}}],"collection":[{"href":"https:\/\/www.toerismezonnebeke.be\/de\/wp-json\/wp\/v2\/pages"}],"about":[{"href":"https:\/\/www.toerismezonnebeke.be\/de\/wp-json\/wp\/v2\/types\/page"}],"author":[{"embeddable":true,"href":"https:\/\/www.toerismezonnebeke.be\/de\/wp-json\/wp\/v2\/users\/3"}],"replies":[{"embeddable":true,"href":"https:\/\/www.toerismezonnebeke.be\/de\/wp-json\/wp\/v2\/comments?post=51687"}],"version-history":[{"count":0,"href":"https:\/\/www.toerismezonnebeke.be\/de\/wp-json\/wp\/v2\/pages\/51687\/revisions"}],"wp:featuredmedia":[{"embeddable":true,"href":"https:\/\/www.toerismezonnebeke.be\/de\/wp-json\/wp\/v2\/media\/37742"}],"wp:attachment":[{"href":"https:\/\/www.toerismezonnebeke.be\/de\/wp-json\/wp\/v2\/media?parent=51687"}],"curies":[{"name":"wp","href":"https:\/\/api.w.org\/{rel}","templated":true}]}}